{"id":10036,"date":"2024-05-04T11:50:27","date_gmt":"2024-05-04T11:50:27","guid":{"rendered":"https:\/\/mediterraneo-orlean.fr\/?post_type=product&#038;p=10036"},"modified":"2024-05-04T11:54:24","modified_gmt":"2024-05-04T11:54:24","slug":"ouzo-barbayanni","status":"publish","type":"product","link":"https:\/\/mediterraneo-orlean.fr\/index.php\/product\/ouzo-barbayanni\/","title":{"rendered":"ouzo BARBAYANNI"},"content":{"rendered":"<p>Distillation \u00e0 100% de l&#8217;ouzo avec une recette familiale. Ar\u00f4me agr\u00e9able, transparent, go\u00fbt doux qui donne des sensations de printemps et de soleil Anis et plantes aromatiques.<\/p>\n","protected":false},"excerpt":{"rendered":"<p>Distillation \u00e0 100% de l&#8217;ouzo avec une recette familiale. Ar\u00f4me agr\u00e9able, transparent, go\u00fbt doux qui donne des sensations de printemps<\/p>\n","protected":false},"featured_media":10038,"comment_status":"open","ping_status":"closed","template":"","meta":[],"product_cat":[236],"product_tag":[250],"_links":{"self":[{"href":"https:\/\/mediterraneo-orlean.fr\/index.php\/wp-json\/wp\/v2\/product\/10036"}],"collection":[{"href":"https:\/\/mediterraneo-orlean.fr\/index.php\/wp-json\/wp\/v2\/product"}],"about":[{"href":"https:\/\/mediterraneo-orlean.fr\/index.php\/wp-json\/wp\/v2\/types\/product"}],"replies":[{"embeddable":true,"href":"https:\/\/mediterraneo-orlean.fr\/index.php\/wp-json\/wp\/v2\/comments?post=10036"}],"version-history":[{"count":1,"href":"https:\/\/mediterraneo-orlean.fr\/index.php\/wp-json\/wp\/v2\/product\/10036\/revisions"}],"predecessor-version":[{"id":10037,"href":"https:\/\/mediterraneo-orlean.fr\/index.php\/wp-json\/wp\/v2\/product\/10036\/revisions\/10037"}],"wp:featuredmedia":[{"embeddable":true,"href":"https:\/\/mediterraneo-orlean.fr\/index.php\/wp-json\/wp\/v2\/media\/10038"}],"wp:attachment":[{"href":"https:\/\/mediterraneo-orlean.fr\/index.php\/wp-json\/wp\/v2\/media?parent=10036"}],"wp:term":[{"taxonomy":"product_cat","embeddable":true,"href":"https:\/\/mediterraneo-orlean.fr\/index.php\/wp-json\/wp\/v2\/product_cat?post=10036"},{"taxonomy":"product_tag","embeddable":true,"href":"https:\/\/mediterraneo-orlean.fr\/index.php\/wp-json\/wp\/v2\/product_tag?post=10036"}],"curies":[{"name":"wp","href":"https:\/\/api.w.org\/{rel}","templated":true}]}}