{"id":10043,"date":"2024-05-04T12:33:43","date_gmt":"2024-05-04T12:33:43","guid":{"rendered":"https:\/\/mediterraneo-orlean.fr\/?post_type=product&#038;p=10043"},"modified":"2024-05-04T12:35:58","modified_gmt":"2024-05-04T12:35:58","slug":"vin-de-crete","status":"publish","type":"product","link":"https:\/\/mediterraneo-orlean.fr\/index.php\/product\/vin-de-crete\/","title":{"rendered":"VIN DE CRETE"},"content":{"rendered":"<div>Vin blanc sec. Fruit\u00e9 avec des notes florales.<\/div>\n<div>L\u00e9ger\u00a0avec une \u00e9l\u00e9gante acidit\u00e9 d&#8217;agrumes, offre un bon \u00e9quilibre prolong\u00e9.<\/div>\n","protected":false},"excerpt":{"rendered":"<p>Vin blanc sec. Fruit\u00e9 avec des notes florales. L\u00e9ger\u00a0avec une \u00e9l\u00e9gante acidit\u00e9 d&#8217;agrumes, offre un bon \u00e9quilibre prolong\u00e9.<\/p>\n","protected":false},"featured_media":10044,"comment_status":"open","ping_status":"closed","template":"","meta":[],"product_cat":[236],"product_tag":[242],"_links":{"self":[{"href":"https:\/\/mediterraneo-orlean.fr\/index.php\/wp-json\/wp\/v2\/product\/10043"}],"collection":[{"href":"https:\/\/mediterraneo-orlean.fr\/index.php\/wp-json\/wp\/v2\/product"}],"about":[{"href":"https:\/\/mediterraneo-orlean.fr\/index.php\/wp-json\/wp\/v2\/types\/product"}],"replies":[{"embeddable":true,"href":"https:\/\/mediterraneo-orlean.fr\/index.php\/wp-json\/wp\/v2\/comments?post=10043"}],"version-history":[{"count":1,"href":"https:\/\/mediterraneo-orlean.fr\/index.php\/wp-json\/wp\/v2\/product\/10043\/revisions"}],"predecessor-version":[{"id":10045,"href":"https:\/\/mediterraneo-orlean.fr\/index.php\/wp-json\/wp\/v2\/product\/10043\/revisions\/10045"}],"wp:featuredmedia":[{"embeddable":true,"href":"https:\/\/mediterraneo-orlean.fr\/index.php\/wp-json\/wp\/v2\/media\/10044"}],"wp:attachment":[{"href":"https:\/\/mediterraneo-orlean.fr\/index.php\/wp-json\/wp\/v2\/media?parent=10043"}],"wp:term":[{"taxonomy":"product_cat","embeddable":true,"href":"https:\/\/mediterraneo-orlean.fr\/index.php\/wp-json\/wp\/v2\/product_cat?post=10043"},{"taxonomy":"product_tag","embeddable":true,"href":"https:\/\/mediterraneo-orlean.fr\/index.php\/wp-json\/wp\/v2\/product_tag?post=10043"}],"curies":[{"name":"wp","href":"https:\/\/api.w.org\/{rel}","templated":true}]}}