{"id":10199,"date":"2024-05-27T20:15:03","date_gmt":"2024-05-27T20:15:03","guid":{"rendered":"https:\/\/mediterraneo-orlean.fr\/?post_type=product&#038;p=10199"},"modified":"2024-05-27T20:19:05","modified_gmt":"2024-05-27T20:19:05","slug":"gateaux-a-lorange","status":"publish","type":"product","link":"https:\/\/mediterraneo-orlean.fr\/index.php\/product\/gateaux-a-lorange\/","title":{"rendered":"G\u00e2teaux a l&#8217;orange"},"content":{"rendered":"<p>Ce g\u00e2teaux n&#8217;est pas &#8221;piece of cake&#8221; , nous vous pr\u00e9sentons Portokalopita<\/p>\n","protected":false},"excerpt":{"rendered":"<p>Ce g\u00e2teaux n&#8217;est pas &#8221;piece of cake&#8221; , nous vous pr\u00e9sentons Portokalopita<\/p>\n","protected":false},"featured_media":10200,"comment_status":"open","ping_status":"closed","template":"","meta":[],"product_cat":[238],"product_tag":[268],"_links":{"self":[{"href":"https:\/\/mediterraneo-orlean.fr\/index.php\/wp-json\/wp\/v2\/product\/10199"}],"collection":[{"href":"https:\/\/mediterraneo-orlean.fr\/index.php\/wp-json\/wp\/v2\/product"}],"about":[{"href":"https:\/\/mediterraneo-orlean.fr\/index.php\/wp-json\/wp\/v2\/types\/product"}],"replies":[{"embeddable":true,"href":"https:\/\/mediterraneo-orlean.fr\/index.php\/wp-json\/wp\/v2\/comments?post=10199"}],"version-history":[{"count":1,"href":"https:\/\/mediterraneo-orlean.fr\/index.php\/wp-json\/wp\/v2\/product\/10199\/revisions"}],"predecessor-version":[{"id":10201,"href":"https:\/\/mediterraneo-orlean.fr\/index.php\/wp-json\/wp\/v2\/product\/10199\/revisions\/10201"}],"wp:featuredmedia":[{"embeddable":true,"href":"https:\/\/mediterraneo-orlean.fr\/index.php\/wp-json\/wp\/v2\/media\/10200"}],"wp:attachment":[{"href":"https:\/\/mediterraneo-orlean.fr\/index.php\/wp-json\/wp\/v2\/media?parent=10199"}],"wp:term":[{"taxonomy":"product_cat","embeddable":true,"href":"https:\/\/mediterraneo-orlean.fr\/index.php\/wp-json\/wp\/v2\/product_cat?post=10199"},{"taxonomy":"product_tag","embeddable":true,"href":"https:\/\/mediterraneo-orlean.fr\/index.php\/wp-json\/wp\/v2\/product_tag?post=10199"}],"curies":[{"name":"wp","href":"https:\/\/api.w.org\/{rel}","templated":true}]}}