{"id":9848,"date":"2023-11-19T23:52:50","date_gmt":"2023-11-19T23:52:50","guid":{"rendered":"https:\/\/mediterraneo-orlean.fr\/?post_type=product&#038;p=9848"},"modified":"2024-05-07T10:05:49","modified_gmt":"2024-05-07T10:05:49","slug":"sitia-huile-dolive-extra-vierge-lasithiou-pdo-0-2","status":"publish","type":"product","link":"https:\/\/mediterraneo-orlean.fr\/index.php\/product\/sitia-huile-dolive-extra-vierge-lasithiou-pdo-0-2\/","title":{"rendered":"SITIA 0.3 HUILE D&#8217;OLIVE DE CRETE"},"content":{"rendered":"<p>Appellation d&#8217;origine prot\u00e9g\u00e9e. Notes fruit\u00e9es \u00e9quilibr\u00e9es, l\u00e9g\u00e8re amertume et une finale poivr\u00e9e. Id\u00e9ale pour salades, l\u00e9gumes grill\u00e9s, poissons, plats de p\u00e2tes<\/p>\n","protected":false},"excerpt":{"rendered":"<p>Appellation d&#8217;origine prot\u00e9g\u00e9e. Notes fruit\u00e9es \u00e9quilibr\u00e9es, l\u00e9g\u00e8re amertume et une finale poivr\u00e9e. Id\u00e9ale pour salades, l\u00e9gumes grill\u00e9s, poissons, plats de<\/p>\n","protected":false},"featured_media":10055,"comment_status":"open","ping_status":"closed","template":"","meta":[],"product_cat":[232],"product_tag":[],"_links":{"self":[{"href":"https:\/\/mediterraneo-orlean.fr\/index.php\/wp-json\/wp\/v2\/product\/9848"}],"collection":[{"href":"https:\/\/mediterraneo-orlean.fr\/index.php\/wp-json\/wp\/v2\/product"}],"about":[{"href":"https:\/\/mediterraneo-orlean.fr\/index.php\/wp-json\/wp\/v2\/types\/product"}],"replies":[{"embeddable":true,"href":"https:\/\/mediterraneo-orlean.fr\/index.php\/wp-json\/wp\/v2\/comments?post=9848"}],"version-history":[{"count":3,"href":"https:\/\/mediterraneo-orlean.fr\/index.php\/wp-json\/wp\/v2\/product\/9848\/revisions"}],"predecessor-version":[{"id":10056,"href":"https:\/\/mediterraneo-orlean.fr\/index.php\/wp-json\/wp\/v2\/product\/9848\/revisions\/10056"}],"wp:featuredmedia":[{"embeddable":true,"href":"https:\/\/mediterraneo-orlean.fr\/index.php\/wp-json\/wp\/v2\/media\/10055"}],"wp:attachment":[{"href":"https:\/\/mediterraneo-orlean.fr\/index.php\/wp-json\/wp\/v2\/media?parent=9848"}],"wp:term":[{"taxonomy":"product_cat","embeddable":true,"href":"https:\/\/mediterraneo-orlean.fr\/index.php\/wp-json\/wp\/v2\/product_cat?post=9848"},{"taxonomy":"product_tag","embeddable":true,"href":"https:\/\/mediterraneo-orlean.fr\/index.php\/wp-json\/wp\/v2\/product_tag?post=9848"}],"curies":[{"name":"wp","href":"https:\/\/api.w.org\/{rel}","templated":true}]}}