{"id":9861,"date":"2023-11-20T00:36:21","date_gmt":"2023-11-20T00:36:21","guid":{"rendered":"https:\/\/mediterraneo-orlean.fr\/?post_type=product&#038;p=9861"},"modified":"2024-05-04T12:01:19","modified_gmt":"2024-05-04T12:01:19","slug":"nemea-dry-red-wine-pdo-2019","status":"publish","type":"product","link":"https:\/\/mediterraneo-orlean.fr\/index.php\/product\/nemea-dry-red-wine-pdo-2019\/","title":{"rendered":"Nemea dry red wine PDO 2019"},"content":{"rendered":"<p>Appellation d&#8217;origine prot\u00e9g\u00e9e. Vin rouge sec de raisins agiorgitiko de Nemea est vieilli pendant douze mois en barriques de ch\u00eane. Riche en tannines, l\u00e9ger go\u00fbt fruit\u00e9.<\/p>\n","protected":false},"excerpt":{"rendered":"<p>Appellation d&#8217;origine prot\u00e9g\u00e9e. Vin rouge sec de raisins agiorgitiko de Nemea est vieilli pendant douze mois en barriques de ch\u00eane.<\/p>\n","protected":false},"featured_media":9862,"comment_status":"open","ping_status":"closed","template":"","meta":[],"product_cat":[236],"product_tag":[256],"_links":{"self":[{"href":"https:\/\/mediterraneo-orlean.fr\/index.php\/wp-json\/wp\/v2\/product\/9861"}],"collection":[{"href":"https:\/\/mediterraneo-orlean.fr\/index.php\/wp-json\/wp\/v2\/product"}],"about":[{"href":"https:\/\/mediterraneo-orlean.fr\/index.php\/wp-json\/wp\/v2\/types\/product"}],"replies":[{"embeddable":true,"href":"https:\/\/mediterraneo-orlean.fr\/index.php\/wp-json\/wp\/v2\/comments?post=9861"}],"version-history":[{"count":2,"href":"https:\/\/mediterraneo-orlean.fr\/index.php\/wp-json\/wp\/v2\/product\/9861\/revisions"}],"predecessor-version":[{"id":10042,"href":"https:\/\/mediterraneo-orlean.fr\/index.php\/wp-json\/wp\/v2\/product\/9861\/revisions\/10042"}],"wp:featuredmedia":[{"embeddable":true,"href":"https:\/\/mediterraneo-orlean.fr\/index.php\/wp-json\/wp\/v2\/media\/9862"}],"wp:attachment":[{"href":"https:\/\/mediterraneo-orlean.fr\/index.php\/wp-json\/wp\/v2\/media?parent=9861"}],"wp:term":[{"taxonomy":"product_cat","embeddable":true,"href":"https:\/\/mediterraneo-orlean.fr\/index.php\/wp-json\/wp\/v2\/product_cat?post=9861"},{"taxonomy":"product_tag","embeddable":true,"href":"https:\/\/mediterraneo-orlean.fr\/index.php\/wp-json\/wp\/v2\/product_tag?post=9861"}],"curies":[{"name":"wp","href":"https:\/\/api.w.org\/{rel}","templated":true}]}}