{"id":9908,"date":"2024-02-16T21:10:47","date_gmt":"2024-02-16T21:10:47","guid":{"rendered":"https:\/\/mediterraneo-orlean.fr\/?post_type=product&#038;p=9908"},"modified":"2024-05-04T11:36:50","modified_gmt":"2024-05-04T11:36:50","slug":"assirtiko-santorini","status":"publish","type":"product","link":"https:\/\/mediterraneo-orlean.fr\/index.php\/product\/assirtiko-santorini\/","title":{"rendered":"SANTORINI Assirtiko Santorini"},"content":{"rendered":"<div>Cultures traditionnelles locales. Produits d&#8217;appellation d&#8217;origine prot\u00e9g\u00e9e\u00a0(AOP) de Santorin, de haute qualit\u00e9<\/div>\n<div>Vin blanc sec, l\u00e9ger au go\u00fbt fruit\u00e9, arri\u00e8re go\u00fbt l\u00e9g\u00e8rement soufr\u00e9.<\/div>\n","protected":false},"excerpt":{"rendered":"<p>Cultures traditionnelles locales. Produits d&#8217;appellation d&#8217;origine prot\u00e9g\u00e9e\u00a0(AOP) de Santorin, de haute qualit\u00e9 Vin blanc sec, l\u00e9ger au go\u00fbt fruit\u00e9, arri\u00e8re<\/p>\n","protected":false},"featured_media":9909,"comment_status":"open","ping_status":"closed","template":"","meta":[],"product_cat":[236],"product_tag":[240],"_links":{"self":[{"href":"https:\/\/mediterraneo-orlean.fr\/index.php\/wp-json\/wp\/v2\/product\/9908"}],"collection":[{"href":"https:\/\/mediterraneo-orlean.fr\/index.php\/wp-json\/wp\/v2\/product"}],"about":[{"href":"https:\/\/mediterraneo-orlean.fr\/index.php\/wp-json\/wp\/v2\/types\/product"}],"replies":[{"embeddable":true,"href":"https:\/\/mediterraneo-orlean.fr\/index.php\/wp-json\/wp\/v2\/comments?post=9908"}],"version-history":[{"count":4,"href":"https:\/\/mediterraneo-orlean.fr\/index.php\/wp-json\/wp\/v2\/product\/9908\/revisions"}],"predecessor-version":[{"id":10025,"href":"https:\/\/mediterraneo-orlean.fr\/index.php\/wp-json\/wp\/v2\/product\/9908\/revisions\/10025"}],"wp:featuredmedia":[{"embeddable":true,"href":"https:\/\/mediterraneo-orlean.fr\/index.php\/wp-json\/wp\/v2\/media\/9909"}],"wp:attachment":[{"href":"https:\/\/mediterraneo-orlean.fr\/index.php\/wp-json\/wp\/v2\/media?parent=9908"}],"wp:term":[{"taxonomy":"product_cat","embeddable":true,"href":"https:\/\/mediterraneo-orlean.fr\/index.php\/wp-json\/wp\/v2\/product_cat?post=9908"},{"taxonomy":"product_tag","embeddable":true,"href":"https:\/\/mediterraneo-orlean.fr\/index.php\/wp-json\/wp\/v2\/product_tag?post=9908"}],"curies":[{"name":"wp","href":"https:\/\/api.w.org\/{rel}","templated":true}]}}